{"id":534,"date":"2025-10-03T17:34:46","date_gmt":"2025-10-03T15:34:46","guid":{"rendered":"https:\/\/mersdusudlivres.fr\/?post_type=product&#038;p=534"},"modified":"2025-10-03T17:34:47","modified_gmt":"2025-10-03T15:34:47","slug":"un-bougnat-des-jours-heureux","status":"publish","type":"product","link":"https:\/\/mersdusudlivres.fr\/?product=un-bougnat-des-jours-heureux","title":{"rendered":"Un bougnat des jours heureux"},"content":{"rendered":"<p>De mon Auvergne profonde, cantalienne et occitane, aux Am\u00e9riques en passant par Paris, les pays d&rsquo;europe, l&rsquo;Afrique, les Cara\u00efbes, pour arriver \u00e0 Angoul\u00eame en Charente, ma vie a \u00e9t\u00e9 mouvement\u00e9en dense, riche de rencontres humanistes&#8230;<\/p>\n","protected":false},"excerpt":{"rendered":"<p>De mon Auvergne profonde, cantalienne et occitane, aux Am\u00e9riques en passant par Paris, les pays d&rsquo;europe, l&rsquo;Afrique, les Cara\u00efbes, pour arriver \u00e0 Angoul\u00eame en Charente, ma vie a \u00e9t\u00e9 mouvement\u00e9en dense, riche de rencontres humanistes&#8230;<\/p>\n","protected":false},"featured_media":157,"comment_status":"open","ping_status":"closed","template":"","meta":[],"product_brand":[54],"product_cat":[15],"product_tag":[],"class_list":{"0":"post-534","1":"product","2":"type-product","3":"status-publish","4":"has-post-thumbnail","6":"product_brand-marcel-trin","7":"product_cat-uncategorized","9":"first","10":"instock","11":"taxable","12":"shipping-taxable","13":"purchasable","14":"product-type-simple"},"aioseo_notices":[],"jetpack_sharing_enabled":true,"_links":{"self":[{"href":"https:\/\/mersdusudlivres.fr\/index.php?rest_route=\/wp\/v2\/product\/534","targetHints":{"allow":["GET"]}}],"collection":[{"href":"https:\/\/mersdusudlivres.fr\/index.php?rest_route=\/wp\/v2\/product"}],"about":[{"href":"https:\/\/mersdusudlivres.fr\/index.php?rest_route=\/wp\/v2\/types\/product"}],"replies":[{"embeddable":true,"href":"https:\/\/mersdusudlivres.fr\/index.php?rest_route=%2Fwp%2Fv2%2Fcomments&post=534"}],"version-history":[{"count":1,"href":"https:\/\/mersdusudlivres.fr\/index.php?rest_route=\/wp\/v2\/product\/534\/revisions"}],"predecessor-version":[{"id":535,"href":"https:\/\/mersdusudlivres.fr\/index.php?rest_route=\/wp\/v2\/product\/534\/revisions\/535"}],"wp:featuredmedia":[{"embeddable":true,"href":"https:\/\/mersdusudlivres.fr\/index.php?rest_route=\/wp\/v2\/media\/157"}],"wp:attachment":[{"href":"https:\/\/mersdusudlivres.fr\/index.php?rest_route=%2Fwp%2Fv2%2Fmedia&parent=534"}],"wp:term":[{"taxonomy":"product_brand","embeddable":true,"href":"https:\/\/mersdusudlivres.fr\/index.php?rest_route=%2Fwp%2Fv2%2Fproduct_brand&post=534"},{"taxonomy":"product_cat","embeddable":true,"href":"https:\/\/mersdusudlivres.fr\/index.php?rest_route=%2Fwp%2Fv2%2Fproduct_cat&post=534"},{"taxonomy":"product_tag","embeddable":true,"href":"https:\/\/mersdusudlivres.fr\/index.php?rest_route=%2Fwp%2Fv2%2Fproduct_tag&post=534"}],"curies":[{"name":"wp","href":"https:\/\/api.w.org\/{rel}","templated":true}]}}