{"id":482,"date":"2025-10-02T10:59:26","date_gmt":"2025-10-02T08:59:26","guid":{"rendered":"https:\/\/mersdusudlivres.fr\/?post_type=product&#038;p=482"},"modified":"2025-10-02T10:59:27","modified_gmt":"2025-10-02T08:59:27","slug":"laterite-ensoleillee","status":"publish","type":"product","link":"https:\/\/mersdusudlivres.fr\/?product=laterite-ensoleillee","title":{"rendered":"Laterite Ensoleill\u00e9e"},"content":{"rendered":"<p>Roman \u00e9crit par Daisy Ren\u00e9e MAILLOT<\/p>\n","protected":false},"excerpt":{"rendered":"<p>Roman \u00e9crit par Daisy Ren\u00e9e MAILLOT<\/p>\n","protected":false},"featured_media":225,"comment_status":"open","ping_status":"closed","template":"","meta":[],"product_brand":[46],"product_cat":[15],"product_tag":[],"class_list":{"0":"post-482","1":"product","2":"type-product","3":"status-publish","4":"has-post-thumbnail","6":"product_brand-fulgence-maillot-daisy","7":"product_cat-uncategorized","9":"first","10":"instock","11":"taxable","12":"shipping-taxable","13":"purchasable","14":"product-type-simple"},"aioseo_notices":[],"jetpack_sharing_enabled":true,"_links":{"self":[{"href":"https:\/\/mersdusudlivres.fr\/index.php?rest_route=\/wp\/v2\/product\/482","targetHints":{"allow":["GET"]}}],"collection":[{"href":"https:\/\/mersdusudlivres.fr\/index.php?rest_route=\/wp\/v2\/product"}],"about":[{"href":"https:\/\/mersdusudlivres.fr\/index.php?rest_route=\/wp\/v2\/types\/product"}],"replies":[{"embeddable":true,"href":"https:\/\/mersdusudlivres.fr\/index.php?rest_route=%2Fwp%2Fv2%2Fcomments&post=482"}],"version-history":[{"count":0,"href":"https:\/\/mersdusudlivres.fr\/index.php?rest_route=\/wp\/v2\/product\/482\/revisions"}],"wp:featuredmedia":[{"embeddable":true,"href":"https:\/\/mersdusudlivres.fr\/index.php?rest_route=\/wp\/v2\/media\/225"}],"wp:attachment":[{"href":"https:\/\/mersdusudlivres.fr\/index.php?rest_route=%2Fwp%2Fv2%2Fmedia&parent=482"}],"wp:term":[{"taxonomy":"product_brand","embeddable":true,"href":"https:\/\/mersdusudlivres.fr\/index.php?rest_route=%2Fwp%2Fv2%2Fproduct_brand&post=482"},{"taxonomy":"product_cat","embeddable":true,"href":"https:\/\/mersdusudlivres.fr\/index.php?rest_route=%2Fwp%2Fv2%2Fproduct_cat&post=482"},{"taxonomy":"product_tag","embeddable":true,"href":"https:\/\/mersdusudlivres.fr\/index.php?rest_route=%2Fwp%2Fv2%2Fproduct_tag&post=482"}],"curies":[{"name":"wp","href":"https:\/\/api.w.org\/{rel}","templated":true}]}}