{"id":455,"date":"2025-10-01T22:47:31","date_gmt":"2025-10-01T20:47:31","guid":{"rendered":"https:\/\/mersdusudlivres.fr\/?post_type=product&#038;p=455"},"modified":"2025-10-03T12:59:20","modified_gmt":"2025-10-03T10:59:20","slug":"galoupiots","status":"publish","type":"product","link":"https:\/\/mersdusudlivres.fr\/?product=galoupiots","title":{"rendered":"Galoupiots"},"content":{"rendered":"<div align=\"left\">Les ann\u00e9es cinquante, une ferme perdue au fond des bois ; un couple de citadins devenus paysans, en l&rsquo;occurrence mes parents, s&rsquo;\u00e9chinent pour vivoter\u00a0 le moins mal possible et \u00e9lever leurs deux chenapans.<\/div>\n<div align=\"left\">La Charente qui borde le limousin, si elle conserve\u00a0 aujourd&rsquo;hui encore quelque effluve du pass\u00e9,\u00a0 n&rsquo;a rien \u00e0 voir avec celle de mon enfance.\u00a0 L&rsquo;explosion florale du printemps enivrait les insectes pollinisateurs, faisant la joie des oiseaux qui s\u2019en r\u00e9galaient. Les coquelicots et les bleuets, dans un \u00e9lan fraternel, partageaient les m\u00eames terrains que le bl\u00e9 sans que personne n&rsquo;y trouve \u00e0 redire<\/div>\n","protected":false},"excerpt":{"rendered":"<p>Les ann\u00e9es cinquante, une ferme perdue au fond des bois ; un couple de citadins devenus paysans, en l&rsquo;occurrence mes parents, s&rsquo;\u00e9chinent pour vivoter\u00a0 le moins mal possible et \u00e9lever leurs deux chenapans. La Charente qui borde le limousin, si elle conserve\u00a0 aujourd&rsquo;hui encore quelque effluve du pass\u00e9,\u00a0 n&rsquo;a rien \u00e0 voir avec celle de [&hellip;]<\/p>\n","protected":false},"featured_media":523,"comment_status":"open","ping_status":"closed","template":"","meta":[],"product_brand":[41],"product_cat":[15],"product_tag":[],"class_list":{"0":"post-455","1":"product","2":"type-product","3":"status-publish","4":"has-post-thumbnail","6":"product_brand-delarbre-francois","7":"product_cat-uncategorized","9":"first","10":"instock","11":"taxable","12":"shipping-taxable","13":"purchasable","14":"product-type-simple"},"aioseo_notices":[],"jetpack_sharing_enabled":true,"_links":{"self":[{"href":"https:\/\/mersdusudlivres.fr\/index.php?rest_route=\/wp\/v2\/product\/455","targetHints":{"allow":["GET"]}}],"collection":[{"href":"https:\/\/mersdusudlivres.fr\/index.php?rest_route=\/wp\/v2\/product"}],"about":[{"href":"https:\/\/mersdusudlivres.fr\/index.php?rest_route=\/wp\/v2\/types\/product"}],"replies":[{"embeddable":true,"href":"https:\/\/mersdusudlivres.fr\/index.php?rest_route=%2Fwp%2Fv2%2Fcomments&post=455"}],"version-history":[{"count":0,"href":"https:\/\/mersdusudlivres.fr\/index.php?rest_route=\/wp\/v2\/product\/455\/revisions"}],"wp:featuredmedia":[{"embeddable":true,"href":"https:\/\/mersdusudlivres.fr\/index.php?rest_route=\/wp\/v2\/media\/523"}],"wp:attachment":[{"href":"https:\/\/mersdusudlivres.fr\/index.php?rest_route=%2Fwp%2Fv2%2Fmedia&parent=455"}],"wp:term":[{"taxonomy":"product_brand","embeddable":true,"href":"https:\/\/mersdusudlivres.fr\/index.php?rest_route=%2Fwp%2Fv2%2Fproduct_brand&post=455"},{"taxonomy":"product_cat","embeddable":true,"href":"https:\/\/mersdusudlivres.fr\/index.php?rest_route=%2Fwp%2Fv2%2Fproduct_cat&post=455"},{"taxonomy":"product_tag","embeddable":true,"href":"https:\/\/mersdusudlivres.fr\/index.php?rest_route=%2Fwp%2Fv2%2Fproduct_tag&post=455"}],"curies":[{"name":"wp","href":"https:\/\/api.w.org\/{rel}","templated":true}]}}