{"id":350,"date":"2025-09-30T14:56:45","date_gmt":"2025-09-30T12:56:45","guid":{"rendered":"https:\/\/mersdusudlivres.fr\/?post_type=product&#038;p=350"},"modified":"2025-12-29T16:39:49","modified_gmt":"2025-12-29T15:39:49","slug":"nouvelles-charentaises-dantan","status":"publish","type":"product","link":"https:\/\/mersdusudlivres.fr\/?product=nouvelles-charentaises-dantan","title":{"rendered":"Nouvelles Charentaises d&rsquo;antan&#8230;"},"content":{"rendered":"<p data-start=\"113\" data-end=\"420\">Une fois par semaine, au caf\u00e9, l\u2019attend son meilleur ami, Clovis. C\u2019est un bonhomme d\u00e9gingand\u00e9, comme un grand singe. Son regard malicieux lui attirait un certain succ\u00e8s aupr\u00e8s des femmes. Pourtant, les femmes ne sont pas leur fort, ni \u00e0 l\u2019un ni \u00e0 l\u2019autre. Tous les deux, prudents, sont rest\u00e9s c\u00e9libataires.<\/p>\n<p data-start=\"422\" data-end=\"584\">Ils m\u00e8nent une vie simple, au rythme des saisons et des dictons du calendrier charentais, comme : \u00ab<strong> Mojhettes piates ne s\u00e8merez que fin<\/strong> <strong>mai, \u00e0 la Saint-Didier !<\/strong> \u00bb<\/p>\n<p data-start=\"586\" data-end=\"916\">Comme l\u2019assure le proverbe : \u00ab<strong> La r\u00e9alit\u00e9 d\u00e9passe souvent la fiction .<\/strong> \u00bb Voici, en exemple, sept nouvelles charentaises qui le confirment. Bas\u00e9es sur des faits authentiques, elles m\u2019ont \u00e9t\u00e9 cont\u00e9es par mes parents ou v\u00e9cues par moi-m\u00eame, alors que, petite fille, je d\u00e9couvrais la vie avec ses cocasseries et parfois ses infortunes.<\/p>\n","protected":false},"excerpt":{"rendered":"<p>Une fois par semaine, au caf\u00e9, l\u2019attend son meilleur ami, Clovis. C\u2019est un bonhomme d\u00e9gingand\u00e9, comme un grand singe. Son regard malicieux lui attirait un certain succ\u00e8s aupr\u00e8s des femmes. Pourtant, les femmes ne sont pas leur fort, ni \u00e0 l\u2019un ni \u00e0 l\u2019autre. Tous les deux, prudents, sont rest\u00e9s c\u00e9libataires. Ils m\u00e8nent une vie [&hellip;]<\/p>\n","protected":false},"featured_media":259,"comment_status":"open","ping_status":"closed","template":"","meta":[],"product_brand":[28],"product_cat":[15],"product_tag":[],"class_list":{"0":"post-350","1":"product","2":"type-product","3":"status-publish","4":"has-post-thumbnail","6":"product_brand-marie-bessaguet","7":"product_cat-uncategorized","9":"first","10":"instock","11":"taxable","12":"shipping-taxable","13":"purchasable","14":"product-type-simple"},"aioseo_notices":[],"jetpack_sharing_enabled":true,"_links":{"self":[{"href":"https:\/\/mersdusudlivres.fr\/index.php?rest_route=\/wp\/v2\/product\/350","targetHints":{"allow":["GET"]}}],"collection":[{"href":"https:\/\/mersdusudlivres.fr\/index.php?rest_route=\/wp\/v2\/product"}],"about":[{"href":"https:\/\/mersdusudlivres.fr\/index.php?rest_route=\/wp\/v2\/types\/product"}],"replies":[{"embeddable":true,"href":"https:\/\/mersdusudlivres.fr\/index.php?rest_route=%2Fwp%2Fv2%2Fcomments&post=350"}],"version-history":[{"count":1,"href":"https:\/\/mersdusudlivres.fr\/index.php?rest_route=\/wp\/v2\/product\/350\/revisions"}],"predecessor-version":[{"id":1174,"href":"https:\/\/mersdusudlivres.fr\/index.php?rest_route=\/wp\/v2\/product\/350\/revisions\/1174"}],"wp:featuredmedia":[{"embeddable":true,"href":"https:\/\/mersdusudlivres.fr\/index.php?rest_route=\/wp\/v2\/media\/259"}],"wp:attachment":[{"href":"https:\/\/mersdusudlivres.fr\/index.php?rest_route=%2Fwp%2Fv2%2Fmedia&parent=350"}],"wp:term":[{"taxonomy":"product_brand","embeddable":true,"href":"https:\/\/mersdusudlivres.fr\/index.php?rest_route=%2Fwp%2Fv2%2Fproduct_brand&post=350"},{"taxonomy":"product_cat","embeddable":true,"href":"https:\/\/mersdusudlivres.fr\/index.php?rest_route=%2Fwp%2Fv2%2Fproduct_cat&post=350"},{"taxonomy":"product_tag","embeddable":true,"href":"https:\/\/mersdusudlivres.fr\/index.php?rest_route=%2Fwp%2Fv2%2Fproduct_tag&post=350"}],"curies":[{"name":"wp","href":"https:\/\/api.w.org\/{rel}","templated":true}]}}