{"id":346,"date":"2025-09-30T13:22:37","date_gmt":"2025-09-30T11:22:37","guid":{"rendered":"https:\/\/mersdusudlivres.fr\/?post_type=product&#038;p=346"},"modified":"2025-12-29T15:31:51","modified_gmt":"2025-12-29T14:31:51","slug":"faustine-petite-fille-nee-dans-les-etoiles","status":"publish","type":"product","link":"https:\/\/mersdusudlivres.fr\/?product=faustine-petite-fille-nee-dans-les-etoiles","title":{"rendered":"Faustine petite fille n\u00e9e dans les \u00e9toiles"},"content":{"rendered":"<p>Dans ce roman, l\u2019auteure raconte, avec une grande douceur, le chemin int\u00e9rieur d\u2019une m\u00e8re confront\u00e9e \u00e0 la perte de son enfant mort-n\u00e9. Avec pudeur et simplicit\u00e9, elle met des mots sur l\u2019indicible et partage une m\u00e9moire pr\u00e9cieuse, fa\u00e7onn\u00e9e par l\u2019amour, l\u00e0 o\u00f9 il n\u2019y a pas eu de souvenirs \u00e0 construire ensemble.<\/p>\n","protected":false},"excerpt":{"rendered":"<p>Dans ce roman, l\u2019auteure raconte, avec une grande douceur, le chemin int\u00e9rieur d\u2019une m\u00e8re confront\u00e9e \u00e0 la perte de son enfant mort-n\u00e9. Avec pudeur et simplicit\u00e9, elle met des mots sur l\u2019indicible et partage une m\u00e9moire pr\u00e9cieuse, fa\u00e7onn\u00e9e par l\u2019amour, l\u00e0 o\u00f9 il n\u2019y a pas eu de souvenirs \u00e0 construire ensemble.<\/p>\n","protected":false},"featured_media":253,"comment_status":"open","ping_status":"closed","template":"","meta":[],"product_brand":[25],"product_cat":[15],"product_tag":[],"class_list":{"0":"post-346","1":"product","2":"type-product","3":"status-publish","4":"has-post-thumbnail","6":"product_brand-barbara","7":"product_cat-uncategorized","9":"first","10":"instock","11":"taxable","12":"shipping-taxable","13":"purchasable","14":"product-type-simple"},"aioseo_notices":[],"jetpack_sharing_enabled":true,"_links":{"self":[{"href":"https:\/\/mersdusudlivres.fr\/index.php?rest_route=\/wp\/v2\/product\/346","targetHints":{"allow":["GET"]}}],"collection":[{"href":"https:\/\/mersdusudlivres.fr\/index.php?rest_route=\/wp\/v2\/product"}],"about":[{"href":"https:\/\/mersdusudlivres.fr\/index.php?rest_route=\/wp\/v2\/types\/product"}],"replies":[{"embeddable":true,"href":"https:\/\/mersdusudlivres.fr\/index.php?rest_route=%2Fwp%2Fv2%2Fcomments&post=346"}],"version-history":[{"count":1,"href":"https:\/\/mersdusudlivres.fr\/index.php?rest_route=\/wp\/v2\/product\/346\/revisions"}],"predecessor-version":[{"id":1129,"href":"https:\/\/mersdusudlivres.fr\/index.php?rest_route=\/wp\/v2\/product\/346\/revisions\/1129"}],"wp:featuredmedia":[{"embeddable":true,"href":"https:\/\/mersdusudlivres.fr\/index.php?rest_route=\/wp\/v2\/media\/253"}],"wp:attachment":[{"href":"https:\/\/mersdusudlivres.fr\/index.php?rest_route=%2Fwp%2Fv2%2Fmedia&parent=346"}],"wp:term":[{"taxonomy":"product_brand","embeddable":true,"href":"https:\/\/mersdusudlivres.fr\/index.php?rest_route=%2Fwp%2Fv2%2Fproduct_brand&post=346"},{"taxonomy":"product_cat","embeddable":true,"href":"https:\/\/mersdusudlivres.fr\/index.php?rest_route=%2Fwp%2Fv2%2Fproduct_cat&post=346"},{"taxonomy":"product_tag","embeddable":true,"href":"https:\/\/mersdusudlivres.fr\/index.php?rest_route=%2Fwp%2Fv2%2Fproduct_tag&post=346"}],"curies":[{"name":"wp","href":"https:\/\/api.w.org\/{rel}","templated":true}]}}