{"id":904,"date":"2025-11-11T19:58:58","date_gmt":"2025-11-11T18:58:58","guid":{"rendered":"https:\/\/mersdusudlivres.fr\/?page_id=904"},"modified":"2025-11-11T20:00:37","modified_gmt":"2025-11-11T19:00:37","slug":"otilia-ferreira","status":"publish","type":"page","link":"https:\/\/mersdusudlivres.fr\/?page_id=904","title":{"rendered":"Otilia FERREIRA"},"content":{"rendered":"\t\t<div data-elementor-type=\"wp-page\" data-elementor-id=\"904\" class=\"elementor elementor-904\">\n\t\t\t\t<div class=\"elementor-element elementor-element-1723c42 e-flex e-con-boxed e-con e-parent\" data-id=\"1723c42\" data-element_type=\"container\" data-e-type=\"container\">\n\t\t\t\t\t<div class=\"e-con-inner\">\n\t\t<div class=\"elementor-element elementor-element-a6f8547 e-con-full e-flex e-con e-child\" data-id=\"a6f8547\" data-element_type=\"container\" data-e-type=\"container\">\n\t\t\t\t<div class=\"elementor-element elementor-element-33a2050 elementor-widget elementor-widget-heading\" data-id=\"33a2050\" data-element_type=\"widget\" data-e-type=\"widget\" data-widget_type=\"heading.default\">\n\t\t\t\t\t<h2 class=\"elementor-heading-title elementor-size-default\">Otilia FERREIRA<\/h2>\t\t\t\t<\/div>\n\t\t\t\t<div class=\"elementor-element elementor-element-5317918 elementor-widget elementor-widget-text-editor\" data-id=\"5317918\" data-element_type=\"widget\" data-e-type=\"widget\" data-widget_type=\"text-editor.default\">\n\t\t\t\t\t\t\t\t\t<div align=\"left\"><div align=\"left\">L&rsquo;auteure, est n\u00e9e \u00e0 Lisbonne. M\u00e9decin-gyn\u00e9cologue elle r\u00e9side actuellement en France \u00e0 La Rochelle (17)<\/div><\/div>\t\t\t\t\t\t\t\t<\/div>\n\t\t\t\t<\/div>\n\t\t<div class=\"elementor-element elementor-element-328fe0a e-con-full e-flex e-con e-child\" data-id=\"328fe0a\" data-element_type=\"container\" data-e-type=\"container\">\n\t\t\t\t<div class=\"elementor-element elementor-element-89c509d elementor-widget elementor-widget-image\" data-id=\"89c509d\" data-element_type=\"widget\" data-e-type=\"widget\" data-widget_type=\"image.default\">\n\t\t\t\t\t\t\t\t\t\t\t\t\t\t\t<img fetchpriority=\"high\" width=\"980\" height=\"979\"  class=\"attachment-large size-large wp-image-292 lws-optimize-lazyload\" alt=\"\" srcset=\"https:\/\/mersdusudlivres.fr\/wp-content\/uploads\/2025\/09\/OTILIA_202_20mai_20_282_29_20-_20Copie.jpg 1024w, https:\/\/mersdusudlivres.fr\/wp-content\/uploads\/2025\/09\/OTILIA_202_20mai_20_282_29_20-_20Copie-324x324.jpg 324w, https:\/\/mersdusudlivres.fr\/wp-content\/uploads\/2025\/09\/OTILIA_202_20mai_20_282_29_20-_20Copie-100x100.jpg 100w, https:\/\/mersdusudlivres.fr\/wp-content\/uploads\/2025\/09\/OTILIA_202_20mai_20_282_29_20-_20Copie-416x416.jpg 416w, https:\/\/mersdusudlivres.fr\/wp-content\/uploads\/2025\/09\/OTILIA_202_20mai_20_282_29_20-_20Copie-300x300.jpg 300w, https:\/\/mersdusudlivres.fr\/wp-content\/uploads\/2025\/09\/OTILIA_202_20mai_20_282_29_20-_20Copie-150x150.jpg 150w, https:\/\/mersdusudlivres.fr\/wp-content\/uploads\/2025\/09\/OTILIA_202_20mai_20_282_29_20-_20Copie-768x767.jpg 768w\" sizes=\"(max-width: 980px) 100vw, 980px\" \/ data-src=\"https:\/\/mersdusudlivres.fr\/wp-content\/uploads\/2025\/09\/OTILIA_202_20mai_20_282_29_20-_20Copie.jpg\">\t\t\t\t\t\t\t\t\t\t\t\t\t\t\t<\/div>\n\t\t\t\t<\/div>\n\t\t\t\t\t<\/div>\n\t\t\t\t<\/div>\n\t\t<div class=\"elementor-element elementor-element-8b16830 e-flex e-con-boxed e-con e-parent\" data-id=\"8b16830\" data-element_type=\"container\" data-e-type=\"container\">\n\t\t\t\t\t<div class=\"e-con-inner\">\n\t\t\t\t<div class=\"elementor-element elementor-element-ed160e0 elementor-widget elementor-widget-shortcode\" data-id=\"ed160e0\" data-element_type=\"widget\" data-e-type=\"widget\" data-widget_type=\"shortcode.default\">\n\t\t\t\t\t\t\t<div class=\"elementor-shortcode\"><ul class=\"brand-products-elementor\" style=\"display:flex;flex-wrap:wrap;gap:18px;padding:0;margin:0;\"><li class=\"product\" style=\"list-style:none;text-align:center;width:calc(100%\/5 - 18px);box-sizing:border-box;\"><a href=\"https:\/\/mersdusudlivres.fr\/?product=un-pere-en-fuite\" style=\"text-decoration:none;color:inherit;display:block;\"><img width=\"324\" height=\"324\"  class=\"attachment-woocommerce_thumbnail size-woocommerce_thumbnail wp-post-image lws-optimize-lazyload\" alt=\"\" srcset=\"https:\/\/mersdusudlivres.fr\/wp-content\/uploads\/2025\/09\/Un_20pe-re_20en_20fuite_20-_201e_20couv-324x324.png 324w, https:\/\/mersdusudlivres.fr\/wp-content\/uploads\/2025\/09\/Un_20pe-re_20en_20fuite_20-_201e_20couv-100x100.png 100w, https:\/\/mersdusudlivres.fr\/wp-content\/uploads\/2025\/09\/Un_20pe-re_20en_20fuite_20-_201e_20couv-150x150.png 150w\" sizes=\"(max-width: 324px) 100vw, 324px\" \/ data-src=\"https:\/\/mersdusudlivres.fr\/wp-content\/uploads\/2025\/09\/Un_20pe-re_20en_20fuite_20-_201e_20couv-324x324.png\"><div class=\"price\" style=\"margin-top:8px;font-weight:600;\"><span class=\"woocommerce-Price-amount amount\">10,00&nbsp;<span class=\"woocommerce-Price-currencySymbol\">&euro;<\/span><\/span><\/div><\/a><\/li><li class=\"product\" style=\"list-style:none;text-align:center;width:calc(100%\/5 - 18px);box-sizing:border-box;\"><a href=\"https:\/\/mersdusudlivres.fr\/?product=femme-meurtri\" style=\"text-decoration:none;color:inherit;display:block;\"><img width=\"324\" height=\"324\"  class=\"attachment-woocommerce_thumbnail size-woocommerce_thumbnail wp-post-image lws-optimize-lazyload\" alt=\"\" srcset=\"https:\/\/mersdusudlivres.fr\/wp-content\/uploads\/2025\/09\/Couverture_20femmes_20Recto-324x324.png 324w, https:\/\/mersdusudlivres.fr\/wp-content\/uploads\/2025\/09\/Couverture_20femmes_20Recto-100x100.png 100w, https:\/\/mersdusudlivres.fr\/wp-content\/uploads\/2025\/09\/Couverture_20femmes_20Recto-150x150.png 150w\" sizes=\"(max-width: 324px) 100vw, 324px\" \/ data-src=\"https:\/\/mersdusudlivres.fr\/wp-content\/uploads\/2025\/09\/Couverture_20femmes_20Recto-324x324.png\"><div class=\"price\" style=\"margin-top:8px;font-weight:600;\"><span class=\"woocommerce-Price-amount amount\">14,00&nbsp;<span class=\"woocommerce-Price-currencySymbol\">&euro;<\/span><\/span><\/div><\/a><\/li><li class=\"product\" style=\"list-style:none;text-align:center;width:calc(100%\/5 - 18px);box-sizing:border-box;\"><a href=\"https:\/\/mersdusudlivres.fr\/?product=enfant-vole\" style=\"text-decoration:none;color:inherit;display:block;\"><img loading=\"lazy\" width=\"324\" height=\"324\"  class=\"attachment-woocommerce_thumbnail size-woocommerce_thumbnail wp-post-image lws-optimize-lazyload\" alt=\"\" srcset=\"https:\/\/mersdusudlivres.fr\/wp-content\/uploads\/2025\/09\/Enfant_20Couv-324x324.png 324w, https:\/\/mersdusudlivres.fr\/wp-content\/uploads\/2025\/09\/Enfant_20Couv-100x100.png 100w, https:\/\/mersdusudlivres.fr\/wp-content\/uploads\/2025\/09\/Enfant_20Couv-150x150.png 150w\" sizes=\"(max-width: 324px) 100vw, 324px\" \/ data-src=\"https:\/\/mersdusudlivres.fr\/wp-content\/uploads\/2025\/09\/Enfant_20Couv-324x324.png\"><div class=\"price\" style=\"margin-top:8px;font-weight:600;\"><span class=\"woocommerce-Price-amount amount\">18,00&nbsp;<span class=\"woocommerce-Price-currencySymbol\">&euro;<\/span><\/span><\/div><\/a><\/li><li class=\"product\" style=\"list-style:none;text-align:center;width:calc(100%\/5 - 18px);box-sizing:border-box;\"><a href=\"https:\/\/mersdusudlivres.fr\/?product=maman-etait-une-reine\" style=\"text-decoration:none;color:inherit;display:block;\"><img loading=\"lazy\" width=\"324\" height=\"324\"  class=\"attachment-woocommerce_thumbnail size-woocommerce_thumbnail wp-post-image lws-optimize-lazyload\" alt=\"\" srcset=\"https:\/\/mersdusudlivres.fr\/wp-content\/uploads\/2025\/09\/Maman_20cover2-324x324.jpg 324w, https:\/\/mersdusudlivres.fr\/wp-content\/uploads\/2025\/09\/Maman_20cover2-100x100.jpg 100w, https:\/\/mersdusudlivres.fr\/wp-content\/uploads\/2025\/09\/Maman_20cover2-150x150.jpg 150w\" sizes=\"(max-width: 324px) 100vw, 324px\" \/ data-src=\"https:\/\/mersdusudlivres.fr\/wp-content\/uploads\/2025\/09\/Maman_20cover2-324x324.jpg\"><div class=\"price\" style=\"margin-top:8px;font-weight:600;\"><span class=\"woocommerce-Price-amount amount\">16,00&nbsp;<span class=\"woocommerce-Price-currencySymbol\">&euro;<\/span><\/span><\/div><\/a><\/li><li class=\"product\" style=\"list-style:none;text-align:center;width:calc(100%\/5 - 18px);box-sizing:border-box;\"><a href=\"https:\/\/mersdusudlivres.fr\/?product=fruit-de-la-gonie\" style=\"text-decoration:none;color:inherit;display:block;\"><img loading=\"lazy\" width=\"324\" height=\"324\"  class=\"attachment-woocommerce_thumbnail size-woocommerce_thumbnail wp-post-image lws-optimize-lazyload\" alt=\"\" srcset=\"https:\/\/mersdusudlivres.fr\/wp-content\/uploads\/2025\/09\/Couverture_20Fruit_20de_20l-agonie_20-_20Final_20avec_20bordures_20sans_20guides_20_282_29-324x324.png 324w, https:\/\/mersdusudlivres.fr\/wp-content\/uploads\/2025\/09\/Couverture_20Fruit_20de_20l-agonie_20-_20Final_20avec_20bordures_20sans_20guides_20_282_29-100x100.png 100w, https:\/\/mersdusudlivres.fr\/wp-content\/uploads\/2025\/09\/Couverture_20Fruit_20de_20l-agonie_20-_20Final_20avec_20bordures_20sans_20guides_20_282_29-150x150.png 150w\" sizes=\"(max-width: 324px) 100vw, 324px\" \/ data-src=\"https:\/\/mersdusudlivres.fr\/wp-content\/uploads\/2025\/09\/Couverture_20Fruit_20de_20l-agonie_20-_20Final_20avec_20bordures_20sans_20guides_20_282_29-324x324.png\"><div class=\"price\" style=\"margin-top:8px;font-weight:600;\"><span class=\"woocommerce-Price-amount amount\">15,00&nbsp;<span class=\"woocommerce-Price-currencySymbol\">&euro;<\/span><\/span><\/div><\/a><\/li><li class=\"product\" style=\"list-style:none;text-align:center;width:calc(100%\/5 - 18px);box-sizing:border-box;\"><a href=\"https:\/\/mersdusudlivres.fr\/?product=scud-sur-le-bonheur\" style=\"text-decoration:none;color:inherit;display:block;\"><img loading=\"lazy\" width=\"324\" height=\"324\"  class=\"attachment-woocommerce_thumbnail size-woocommerce_thumbnail wp-post-image lws-optimize-lazyload\" alt=\"\" \/ data-src=\"https:\/\/mersdusudlivres.fr\/wp-content\/uploads\/2025\/09\/Scud_201couv_20V1_20-_20Copie_20-_20Copie-324x324.png\"><div class=\"price\" style=\"margin-top:8px;font-weight:600;\"><span class=\"woocommerce-Price-amount amount\">14,00&nbsp;<span class=\"woocommerce-Price-currencySymbol\">&euro;<\/span><\/span><\/div><\/a><\/li><li class=\"product\" style=\"list-style:none;text-align:center;width:calc(100%\/5 - 18px);box-sizing:border-box;\"><a href=\"https:\/\/mersdusudlivres.fr\/?product=danse-danse-encore\" style=\"text-decoration:none;color:inherit;display:block;\"><img loading=\"lazy\" width=\"324\" height=\"324\"  class=\"attachment-woocommerce_thumbnail size-woocommerce_thumbnail wp-post-image lws-optimize-lazyload\" alt=\"\" srcset=\"https:\/\/mersdusudlivres.fr\/wp-content\/uploads\/2025\/09\/Couverture_20Danse-324x324.png 324w, https:\/\/mersdusudlivres.fr\/wp-content\/uploads\/2025\/09\/Couverture_20Danse-100x100.png 100w, https:\/\/mersdusudlivres.fr\/wp-content\/uploads\/2025\/09\/Couverture_20Danse-150x150.png 150w\" sizes=\"(max-width: 324px) 100vw, 324px\" \/ data-src=\"https:\/\/mersdusudlivres.fr\/wp-content\/uploads\/2025\/09\/Couverture_20Danse-324x324.png\"><div class=\"price\" style=\"margin-top:8px;font-weight:600;\"><span class=\"woocommerce-Price-amount amount\">15,00&nbsp;<span class=\"woocommerce-Price-currencySymbol\">&euro;<\/span><\/span><\/div><\/a><\/li><\/ul><style>\n        @media(max-width:1024px){ .brand-products-elementor li.product { width:calc(50% - 18px) !important; } }\n        @media(max-width:768px){ .brand-products-elementor li.product { width:calc(50% - 18px) !important; } }\n        @media(max-width:480px){ .brand-products-elementor li.product { width:100% !important; } }\n        .brand-products-elementor li.product img { width:100%; height:auto; display:block; }\n        .brand-products-elementor li.product .woocommerce-loop-product__title,\n        .brand-products-elementor li.product .button,\n        .brand-products-elementor li.product .star-rating { display:none !important; }\n    <\/style>\n<\/div>\n\t\t\t\t\t\t<\/div>\n\t\t\t\t\t<\/div>\n\t\t\t\t<\/div>\n\t\t\t\t<\/div>\n\t\t","protected":false},"excerpt":{"rendered":"<p>Otilia FERREIRA L&rsquo;auteure, est n\u00e9e \u00e0 Lisbonne. M\u00e9decin-gyn\u00e9cologue elle r\u00e9side actuellement en France \u00e0 La Rochelle (17)<\/p>\n","protected":false},"author":1,"featured_media":0,"parent":0,"menu_order":0,"comment_status":"closed","ping_status":"closed","template":"","meta":{"footnotes":""},"class_list":["post-904","page","type-page","status-publish","hentry"],"aioseo_notices":[],"jetpack_sharing_enabled":true,"_links":{"self":[{"href":"https:\/\/mersdusudlivres.fr\/index.php?rest_route=\/wp\/v2\/pages\/904","targetHints":{"allow":["GET"]}}],"collection":[{"href":"https:\/\/mersdusudlivres.fr\/index.php?rest_route=\/wp\/v2\/pages"}],"about":[{"href":"https:\/\/mersdusudlivres.fr\/index.php?rest_route=\/wp\/v2\/types\/page"}],"author":[{"embeddable":true,"href":"https:\/\/mersdusudlivres.fr\/index.php?rest_route=\/wp\/v2\/users\/1"}],"replies":[{"embeddable":true,"href":"https:\/\/mersdusudlivres.fr\/index.php?rest_route=%2Fwp%2Fv2%2Fcomments&post=904"}],"version-history":[{"count":4,"href":"https:\/\/mersdusudlivres.fr\/index.php?rest_route=\/wp\/v2\/pages\/904\/revisions"}],"predecessor-version":[{"id":908,"href":"https:\/\/mersdusudlivres.fr\/index.php?rest_route=\/wp\/v2\/pages\/904\/revisions\/908"}],"wp:attachment":[{"href":"https:\/\/mersdusudlivres.fr\/index.php?rest_route=%2Fwp%2Fv2%2Fmedia&parent=904"}],"curies":[{"name":"wp","href":"https:\/\/api.w.org\/{rel}","templated":true}]}}