{"id":881,"date":"2025-11-11T19:40:10","date_gmt":"2025-11-11T18:40:10","guid":{"rendered":"https:\/\/mersdusudlivres.fr\/?page_id=881"},"modified":"2025-11-11T19:41:37","modified_gmt":"2025-11-11T18:41:37","slug":"jose-delias","status":"publish","type":"page","link":"https:\/\/mersdusudlivres.fr\/?page_id=881","title":{"rendered":"Jos\u00e9 DELIAS"},"content":{"rendered":"\t\t<div data-elementor-type=\"wp-page\" data-elementor-id=\"881\" class=\"elementor elementor-881\">\n\t\t\t\t<div class=\"elementor-element elementor-element-87bfbc7 e-flex e-con-boxed e-con e-parent\" data-id=\"87bfbc7\" data-element_type=\"container\" data-e-type=\"container\">\n\t\t\t\t\t<div class=\"e-con-inner\">\n\t\t<div class=\"elementor-element elementor-element-6d7facd e-con-full e-flex e-con e-child\" data-id=\"6d7facd\" data-element_type=\"container\" data-e-type=\"container\">\n\t\t\t\t<div class=\"elementor-element elementor-element-9e35b8e elementor-widget elementor-widget-heading\" data-id=\"9e35b8e\" data-element_type=\"widget\" data-e-type=\"widget\" data-widget_type=\"heading.default\">\n\t\t\t\t\t<h2 class=\"elementor-heading-title elementor-size-default\">Jos\u00e9 DELIAS <\/h2>\t\t\t\t<\/div>\n\t\t\t\t<div class=\"elementor-element elementor-element-9b3b7ad elementor-widget elementor-widget-text-editor\" data-id=\"9b3b7ad\" data-element_type=\"widget\" data-e-type=\"widget\" data-widget_type=\"text-editor.default\">\n\t\t\t\t\t\t\t\t\t<div class=\"wa-comp wa-text wa-bg-gradient param[grad(rgba(0,0,0,0)) border(0 #969696)] \"><div align=\"left\"><div align=\"left\">Jos\u00e9 D\u00e9lias est originaire de Charente Limousine.\u00a0 il est sp\u00e9cialiste de l&rsquo;Histoire locale de sa r\u00e9gion de Chabanais o\u00f9 il r\u00e9side.<\/div><div align=\"left\">Auteur de plus d&rsquo;une trentaine d&rsquo;ouvrages historiques, il publie son dernier livre aux \u00e9ditions Mers du Sud<\/div><\/div><\/div>\t\t\t\t\t\t\t\t<\/div>\n\t\t\t\t<\/div>\n\t\t<div class=\"elementor-element elementor-element-dd60c3b e-con-full e-flex e-con e-child\" data-id=\"dd60c3b\" data-element_type=\"container\" data-e-type=\"container\">\n\t\t\t\t<div class=\"elementor-element elementor-element-315bc8e elementor-widget elementor-widget-image\" data-id=\"315bc8e\" data-element_type=\"widget\" data-e-type=\"widget\" data-widget_type=\"image.default\">\n\t\t\t\t\t\t\t\t\t\t\t\t\t\t\t<img fetchpriority=\"high\" width=\"691\" height=\"1024\"  class=\"attachment-large size-large wp-image-304 lws-optimize-lazyload\" alt=\"\" srcset=\"https:\/\/mersdusudlivres.fr\/wp-content\/uploads\/2025\/09\/Photo_20couverture_20livre-691x1024.jpg 691w, https:\/\/mersdusudlivres.fr\/wp-content\/uploads\/2025\/09\/Photo_20couverture_20livre-416x616.jpg 416w, https:\/\/mersdusudlivres.fr\/wp-content\/uploads\/2025\/09\/Photo_20couverture_20livre-202x300.jpg 202w, https:\/\/mersdusudlivres.fr\/wp-content\/uploads\/2025\/09\/Photo_20couverture_20livre-768x1138.jpg 768w, https:\/\/mersdusudlivres.fr\/wp-content\/uploads\/2025\/09\/Photo_20couverture_20livre.jpg 841w\" sizes=\"(max-width: 691px) 100vw, 691px\" \/ data-src=\"https:\/\/mersdusudlivres.fr\/wp-content\/uploads\/2025\/09\/Photo_20couverture_20livre-691x1024.jpg\">\t\t\t\t\t\t\t\t\t\t\t\t\t\t\t<\/div>\n\t\t\t\t<\/div>\n\t\t\t\t\t<\/div>\n\t\t\t\t<\/div>\n\t\t<div class=\"elementor-element elementor-element-32237f3 e-flex e-con-boxed e-con e-parent\" data-id=\"32237f3\" data-element_type=\"container\" data-e-type=\"container\">\n\t\t\t\t\t<div class=\"e-con-inner\">\n\t\t\t\t<div class=\"elementor-element elementor-element-7ef5944 elementor-widget elementor-widget-shortcode\" data-id=\"7ef5944\" data-element_type=\"widget\" data-e-type=\"widget\" data-widget_type=\"shortcode.default\">\n\t\t\t\t\t\t\t<div class=\"elementor-shortcode\"><ul class=\"brand-products-elementor\" style=\"display:flex;flex-wrap:wrap;gap:18px;padding:0;margin:0;\"><li class=\"product\" style=\"list-style:none;text-align:center;width:calc(100%\/5 - 18px);box-sizing:border-box;\"><a href=\"https:\/\/mersdusudlivres.fr\/?product=le-rescape-du-bredin\" style=\"text-decoration:none;color:inherit;display:block;\"><img width=\"324\" height=\"324\"  class=\"attachment-woocommerce_thumbnail size-woocommerce_thumbnail wp-post-image lws-optimize-lazyload\" alt=\"\" srcset=\"https:\/\/mersdusudlivres.fr\/wp-content\/uploads\/2025\/09\/COUV_20BREDIN-324x324.jpg 324w, https:\/\/mersdusudlivres.fr\/wp-content\/uploads\/2025\/09\/COUV_20BREDIN-100x100.jpg 100w, https:\/\/mersdusudlivres.fr\/wp-content\/uploads\/2025\/09\/COUV_20BREDIN-150x150.jpg 150w\" sizes=\"(max-width: 324px) 100vw, 324px\" \/ data-src=\"https:\/\/mersdusudlivres.fr\/wp-content\/uploads\/2025\/09\/COUV_20BREDIN-324x324.jpg\"><div class=\"price\" style=\"margin-top:8px;font-weight:600;\"><span class=\"woocommerce-Price-amount amount\">15,00&nbsp;<span class=\"woocommerce-Price-currencySymbol\">&euro;<\/span><\/span><\/div><\/a><\/li><li class=\"product\" style=\"list-style:none;text-align:center;width:calc(100%\/5 - 18px);box-sizing:border-box;\"><a href=\"https:\/\/mersdusudlivres.fr\/?product=les-ostensions\" style=\"text-decoration:none;color:inherit;display:block;\"><img width=\"324\" height=\"324\"  class=\"attachment-woocommerce_thumbnail size-woocommerce_thumbnail wp-post-image lws-optimize-lazyload\" alt=\"\" srcset=\"https:\/\/mersdusudlivres.fr\/wp-content\/uploads\/2025\/09\/Couv_20-_20Copie3-324x324.jpg 324w, https:\/\/mersdusudlivres.fr\/wp-content\/uploads\/2025\/09\/Couv_20-_20Copie3-100x100.jpg 100w, https:\/\/mersdusudlivres.fr\/wp-content\/uploads\/2025\/09\/Couv_20-_20Copie3-150x150.jpg 150w\" sizes=\"(max-width: 324px) 100vw, 324px\" \/ data-src=\"https:\/\/mersdusudlivres.fr\/wp-content\/uploads\/2025\/09\/Couv_20-_20Copie3-324x324.jpg\"><div class=\"price\" style=\"margin-top:8px;font-weight:600;\"><span class=\"woocommerce-Price-amount amount\">8,00&nbsp;<span class=\"woocommerce-Price-currencySymbol\">&euro;<\/span><\/span><\/div><\/a><\/li><li class=\"product\" style=\"list-style:none;text-align:center;width:calc(100%\/5 - 18px);box-sizing:border-box;\"><a href=\"https:\/\/mersdusudlivres.fr\/?product=labbe-quichaud\" style=\"text-decoration:none;color:inherit;display:block;\"><img loading=\"lazy\" width=\"324\" height=\"324\"  class=\"attachment-woocommerce_thumbnail size-woocommerce_thumbnail wp-post-image lws-optimize-lazyload\" alt=\"\" srcset=\"https:\/\/mersdusudlivres.fr\/wp-content\/uploads\/2025\/09\/couv_201-324x324.jpg 324w, https:\/\/mersdusudlivres.fr\/wp-content\/uploads\/2025\/09\/couv_201-100x100.jpg 100w, https:\/\/mersdusudlivres.fr\/wp-content\/uploads\/2025\/09\/couv_201-150x150.jpg 150w\" sizes=\"(max-width: 324px) 100vw, 324px\" \/ data-src=\"https:\/\/mersdusudlivres.fr\/wp-content\/uploads\/2025\/09\/couv_201-324x324.jpg\"><div class=\"price\" style=\"margin-top:8px;font-weight:600;\"><span class=\"woocommerce-Price-amount amount\">21,00&nbsp;<span class=\"woocommerce-Price-currencySymbol\">&euro;<\/span><\/span><\/div><\/a><\/li><\/ul><style>\n        @media(max-width:1024px){ .brand-products-elementor li.product { width:calc(50% - 18px) !important; } }\n        @media(max-width:768px){ .brand-products-elementor li.product { width:calc(50% - 18px) !important; } }\n        @media(max-width:480px){ .brand-products-elementor li.product { width:100% !important; } }\n        .brand-products-elementor li.product img { width:100%; height:auto; display:block; }\n        .brand-products-elementor li.product .woocommerce-loop-product__title,\n        .brand-products-elementor li.product .button,\n        .brand-products-elementor li.product .star-rating { display:none !important; }\n    <\/style>\n<\/div>\n\t\t\t\t\t\t<\/div>\n\t\t\t\t\t<\/div>\n\t\t\t\t<\/div>\n\t\t\t\t<\/div>\n\t\t","protected":false},"excerpt":{"rendered":"<p>Jos\u00e9 DELIAS Jos\u00e9 D\u00e9lias est originaire de Charente Limousine.\u00a0 il est sp\u00e9cialiste de l&rsquo;Histoire locale de sa r\u00e9gion de Chabanais o\u00f9 il r\u00e9side.Auteur de plus d&rsquo;une trentaine d&rsquo;ouvrages historiques, il publie son dernier livre aux \u00e9ditions Mers du Sud<\/p>\n","protected":false},"author":1,"featured_media":0,"parent":0,"menu_order":0,"comment_status":"closed","ping_status":"closed","template":"","meta":{"footnotes":""},"class_list":["post-881","page","type-page","status-publish","hentry"],"aioseo_notices":[],"jetpack_sharing_enabled":true,"_links":{"self":[{"href":"https:\/\/mersdusudlivres.fr\/index.php?rest_route=\/wp\/v2\/pages\/881","targetHints":{"allow":["GET"]}}],"collection":[{"href":"https:\/\/mersdusudlivres.fr\/index.php?rest_route=\/wp\/v2\/pages"}],"about":[{"href":"https:\/\/mersdusudlivres.fr\/index.php?rest_route=\/wp\/v2\/types\/page"}],"author":[{"embeddable":true,"href":"https:\/\/mersdusudlivres.fr\/index.php?rest_route=\/wp\/v2\/users\/1"}],"replies":[{"embeddable":true,"href":"https:\/\/mersdusudlivres.fr\/index.php?rest_route=%2Fwp%2Fv2%2Fcomments&post=881"}],"version-history":[{"count":4,"href":"https:\/\/mersdusudlivres.fr\/index.php?rest_route=\/wp\/v2\/pages\/881\/revisions"}],"predecessor-version":[{"id":885,"href":"https:\/\/mersdusudlivres.fr\/index.php?rest_route=\/wp\/v2\/pages\/881\/revisions\/885"}],"wp:attachment":[{"href":"https:\/\/mersdusudlivres.fr\/index.php?rest_route=%2Fwp%2Fv2%2Fmedia&parent=881"}],"curies":[{"name":"wp","href":"https:\/\/api.w.org\/{rel}","templated":true}]}}