{"id":876,"date":"2025-11-11T19:36:39","date_gmt":"2025-11-11T18:36:39","guid":{"rendered":"https:\/\/mersdusudlivres.fr\/?page_id=876"},"modified":"2025-11-11T19:38:52","modified_gmt":"2025-11-11T18:38:52","slug":"francois-delarbre","status":"publish","type":"page","link":"https:\/\/mersdusudlivres.fr\/?page_id=876","title":{"rendered":"Fran\u00e7ois DELARBRE"},"content":{"rendered":"\t\t<div data-elementor-type=\"wp-page\" data-elementor-id=\"876\" class=\"elementor elementor-876\">\n\t\t\t\t<div class=\"elementor-element elementor-element-7045a6e e-flex e-con-boxed e-con e-parent\" data-id=\"7045a6e\" data-element_type=\"container\" data-e-type=\"container\">\n\t\t\t\t\t<div class=\"e-con-inner\">\n\t\t<div class=\"elementor-element elementor-element-b97b37b e-con-full e-flex e-con e-child\" data-id=\"b97b37b\" data-element_type=\"container\" data-e-type=\"container\">\n\t\t\t\t<div class=\"elementor-element elementor-element-fae2ea6 elementor-widget elementor-widget-heading\" data-id=\"fae2ea6\" data-element_type=\"widget\" data-e-type=\"widget\" data-widget_type=\"heading.default\">\n\t\t\t\t\t<h2 class=\"elementor-heading-title elementor-size-default\">Fran\u00e7ois DELARBRE<\/h2>\t\t\t\t<\/div>\n\t\t\t\t<div class=\"elementor-element elementor-element-349144e elementor-widget elementor-widget-text-editor\" data-id=\"349144e\" data-element_type=\"widget\" data-e-type=\"widget\" data-widget_type=\"text-editor.default\">\n\t\t\t\t\t\t\t\t\t<div class=\"wa-comp wa-text wa-bg-gradient param[grad(rgba(0,0,0,0)) border(0 #969696)] \"><div align=\"left\"><div align=\"left\">Les ann\u00e9es cinquante, une ferme perdue au fond des bois ; un couple de citadins devenus paysans, en l&rsquo;occurrence mes parents, s&rsquo;\u00e9chinent pour vivoter\u00a0 le moins mal possible et \u00e9lever leurs deux chenapans.<\/div><div align=\"left\">La Charente qui borde le limousin, si elle conserve\u00a0 aujourd&rsquo;hui encore quelque effluve du pass\u00e9,\u00a0 n&rsquo;a rien \u00e0 voir avec celle de mon enfance.\u00a0 L&rsquo;explosion florale du printemps enivrait les insectes pollinisateurs, faisant la joie des oiseaux qui s\u2019en r\u00e9galaient. Les coquelicots et les bleuets, dans un \u00e9lan fraternel, partageaient les m\u00eames terrains que le bl\u00e9 sans que personne n&rsquo;y trouve \u00e0 redire.<\/div><\/div><\/div>\t\t\t\t\t\t\t\t<\/div>\n\t\t\t\t<\/div>\n\t\t<div class=\"elementor-element elementor-element-57bee93 e-con-full e-flex e-con e-child\" data-id=\"57bee93\" data-element_type=\"container\" data-e-type=\"container\">\n\t\t\t\t<div class=\"elementor-element elementor-element-0ed64ed elementor-widget elementor-widget-image\" data-id=\"0ed64ed\" data-element_type=\"widget\" data-e-type=\"widget\" data-widget_type=\"image.default\">\n\t\t\t\t\t\t\t\t\t\t\t\t\t\t\t<img fetchpriority=\"high\" width=\"350\" height=\"391\"  class=\"attachment-large size-large wp-image-311 lws-optimize-lazyload\" alt=\"\" srcset=\"https:\/\/mersdusudlivres.fr\/wp-content\/uploads\/2025\/09\/Portrait.jpg 350w, https:\/\/mersdusudlivres.fr\/wp-content\/uploads\/2025\/09\/Portrait-269x300.jpg 269w\" sizes=\"(max-width: 350px) 100vw, 350px\" \/ data-src=\"https:\/\/mersdusudlivres.fr\/wp-content\/uploads\/2025\/09\/Portrait.jpg\">\t\t\t\t\t\t\t\t\t\t\t\t\t\t\t<\/div>\n\t\t\t\t<\/div>\n\t\t\t\t\t<\/div>\n\t\t\t\t<\/div>\n\t\t<div class=\"elementor-element elementor-element-a66b7bc e-flex e-con-boxed e-con e-parent\" data-id=\"a66b7bc\" data-element_type=\"container\" data-e-type=\"container\">\n\t\t\t\t\t<div class=\"e-con-inner\">\n\t\t\t\t<div class=\"elementor-element elementor-element-bb3024c elementor-widget elementor-widget-shortcode\" data-id=\"bb3024c\" data-element_type=\"widget\" data-e-type=\"widget\" data-widget_type=\"shortcode.default\">\n\t\t\t\t\t\t\t<div class=\"elementor-shortcode\"><ul class=\"brand-products-elementor\" style=\"display:flex;flex-wrap:wrap;gap:18px;padding:0;margin:0;\"><li class=\"product\" style=\"list-style:none;text-align:center;width:calc(100%\/5 - 18px);box-sizing:border-box;\"><a href=\"https:\/\/mersdusudlivres.fr\/?product=dans-les-yeux-depona\" style=\"text-decoration:none;color:inherit;display:block;\"><img width=\"324\" height=\"324\"  class=\"attachment-woocommerce_thumbnail size-woocommerce_thumbnail wp-post-image lws-optimize-lazyload\" alt=\"\" srcset=\"https:\/\/mersdusudlivres.fr\/wp-content\/uploads\/2025\/09\/couv_20essai-2_20-_20Copie-324x324.jpg 324w, https:\/\/mersdusudlivres.fr\/wp-content\/uploads\/2025\/09\/couv_20essai-2_20-_20Copie-100x100.jpg 100w, https:\/\/mersdusudlivres.fr\/wp-content\/uploads\/2025\/09\/couv_20essai-2_20-_20Copie-150x150.jpg 150w\" sizes=\"(max-width: 324px) 100vw, 324px\" \/ data-src=\"https:\/\/mersdusudlivres.fr\/wp-content\/uploads\/2025\/09\/couv_20essai-2_20-_20Copie-324x324.jpg\"><div class=\"price\" style=\"margin-top:8px;font-weight:600;\"><span class=\"woocommerce-Price-amount amount\">14,00&nbsp;<span class=\"woocommerce-Price-currencySymbol\">&euro;<\/span><\/span><\/div><\/a><\/li><li class=\"product\" style=\"list-style:none;text-align:center;width:calc(100%\/5 - 18px);box-sizing:border-box;\"><a href=\"https:\/\/mersdusudlivres.fr\/?product=galoupiots\" style=\"text-decoration:none;color:inherit;display:block;\"><img width=\"296\" height=\"324\"  class=\"attachment-woocommerce_thumbnail size-woocommerce_thumbnail wp-post-image lws-optimize-lazyload\" alt=\"\" \/ data-src=\"https:\/\/mersdusudlivres.fr\/wp-content\/uploads\/2025\/10\/Galoupiots-296x324.jpg\"><div class=\"price\" style=\"margin-top:8px;font-weight:600;\"><span class=\"woocommerce-Price-amount amount\">15,00&nbsp;<span class=\"woocommerce-Price-currencySymbol\">&euro;<\/span><\/span><\/div><\/a><\/li><\/ul><style>\n        @media(max-width:1024px){ .brand-products-elementor li.product { width:calc(50% - 18px) !important; } }\n        @media(max-width:768px){ .brand-products-elementor li.product { width:calc(50% - 18px) !important; } }\n        @media(max-width:480px){ .brand-products-elementor li.product { width:100% !important; } }\n        .brand-products-elementor li.product img { width:100%; height:auto; display:block; }\n        .brand-products-elementor li.product .woocommerce-loop-product__title,\n        .brand-products-elementor li.product .button,\n        .brand-products-elementor li.product .star-rating { display:none !important; }\n    <\/style>\n<\/div>\n\t\t\t\t\t\t<\/div>\n\t\t\t\t\t<\/div>\n\t\t\t\t<\/div>\n\t\t\t\t<\/div>\n\t\t","protected":false},"excerpt":{"rendered":"<p>Fran\u00e7ois DELARBRE Les ann\u00e9es cinquante, une ferme perdue au fond des bois ; un couple de citadins devenus paysans, en l&rsquo;occurrence mes parents, s&rsquo;\u00e9chinent pour vivoter\u00a0 le moins mal possible et \u00e9lever leurs deux chenapans.La Charente qui borde le limousin, si elle conserve\u00a0 aujourd&rsquo;hui encore quelque effluve du pass\u00e9,\u00a0 n&rsquo;a rien \u00e0 voir avec celle [&hellip;]<\/p>\n","protected":false},"author":1,"featured_media":0,"parent":0,"menu_order":0,"comment_status":"closed","ping_status":"closed","template":"","meta":{"footnotes":""},"class_list":["post-876","page","type-page","status-publish","hentry"],"aioseo_notices":[],"jetpack_sharing_enabled":true,"_links":{"self":[{"href":"https:\/\/mersdusudlivres.fr\/index.php?rest_route=\/wp\/v2\/pages\/876","targetHints":{"allow":["GET"]}}],"collection":[{"href":"https:\/\/mersdusudlivres.fr\/index.php?rest_route=\/wp\/v2\/pages"}],"about":[{"href":"https:\/\/mersdusudlivres.fr\/index.php?rest_route=\/wp\/v2\/types\/page"}],"author":[{"embeddable":true,"href":"https:\/\/mersdusudlivres.fr\/index.php?rest_route=\/wp\/v2\/users\/1"}],"replies":[{"embeddable":true,"href":"https:\/\/mersdusudlivres.fr\/index.php?rest_route=%2Fwp%2Fv2%2Fcomments&post=876"}],"version-history":[{"count":4,"href":"https:\/\/mersdusudlivres.fr\/index.php?rest_route=\/wp\/v2\/pages\/876\/revisions"}],"predecessor-version":[{"id":880,"href":"https:\/\/mersdusudlivres.fr\/index.php?rest_route=\/wp\/v2\/pages\/876\/revisions\/880"}],"wp:attachment":[{"href":"https:\/\/mersdusudlivres.fr\/index.php?rest_route=%2Fwp%2Fv2%2Fmedia&parent=876"}],"curies":[{"name":"wp","href":"https:\/\/api.w.org\/{rel}","templated":true}]}}